{"id":571,"date":"2019-10-25T08:43:32","date_gmt":"2019-10-25T08:43:32","guid":{"rendered":"https:\/\/demo2wpopal.b-cdn.net\/rehomes\/?page_id=571"},"modified":"2024-01-25T20:00:52","modified_gmt":"2024-01-25T20:00:52","slug":"inquire","status":"publish","type":"page","link":"https:\/\/constructions-ma.com\/fr\/inquire\/","title":{"rendered":"Renseigner"},"content":{"rendered":"<div data-elementor-type=\"wp-page\" data-elementor-id=\"571\" class=\"elementor elementor-571\">\n\t\t\t\t\t\t<section class=\"elementor-section elementor-top-section elementor-element elementor-element-afc6a37 elementor-section-stretched elementor-section-boxed elementor-section-height-default elementor-section-height-default\" data-id=\"afc6a37\" data-element_type=\"section\" data-e-type=\"section\" data-settings=\"{&quot;stretch_section&quot;:&quot;section-stretched&quot;}\">\n\t\t\t\t\t\t<div class=\"elementor-container elementor-column-gap-no\">\n\t\t\t\t\t<div class=\"elementor-column elementor-col-100 elementor-top-column elementor-element elementor-element-4ee8377\" data-id=\"4ee8377\" data-element_type=\"column\" data-e-type=\"column\">\n\t\t\t<div class=\"elementor-widget-wrap elementor-element-populated\">\n\t\t\t\t\t\t<div class=\"elementor-element elementor-element-32cc3da elementor-widget elementor-widget-heading\" data-id=\"32cc3da\" data-element_type=\"widget\" data-e-type=\"widget\" data-widget_type=\"heading.default\">\n\t\t\t\t<div class=\"elementor-widget-container\">\n\t\t\t\t\t<div class=\"elementor-heading-wrapper\" ><div class=\"elementor-heading-wrapper-inner\"><h2 class=\"elementor-heading-title elementor-size-default\">Renseignez-vous maintenant<\/h2><\/div><\/div>\t\t\t\t<\/div>\n\t\t\t\t<\/div>\n\t\t\t\t<div class=\"elementor-element elementor-element-76a89dd elementor-widget elementor-widget-text-editor\" data-id=\"76a89dd\" data-element_type=\"widget\" data-e-type=\"widget\" data-widget_type=\"text-editor.default\">\n\t\t\t\t<div class=\"elementor-widget-container\">\n\t\t\t\t\t        <div class=\"elementor-text-editor elementor-clearfix\"><p>Remplissez le formulaire ci-dessous pour vous renseigner sur les propri\u00e9t\u00e9s disponibles, planifier des visites ou obtenir plus d'informations de nos conseillers experts. La propri\u00e9t\u00e9 de vos r\u00eaves n'est qu'\u00e0 quelques clics !<\/p><\/div>\n        \t\t\t\t<\/div>\n\t\t\t\t<\/div>\n\t\t\t\t\t<\/div>\n\t\t<\/div>\n\t\t\t\t\t<\/div>\n\t\t<\/section>\n\t\t\t\t<section class=\"elementor-section elementor-top-section elementor-element elementor-element-e7c71d8 elementor-section-stretched elementor-section-boxed elementor-section-height-default elementor-section-height-default\" data-id=\"e7c71d8\" data-element_type=\"section\" data-e-type=\"section\" data-settings=\"{&quot;stretch_section&quot;:&quot;section-stretched&quot;}\">\n\t\t\t\t\t\t<div class=\"elementor-container elementor-column-gap-no\">\n\t\t\t\t\t<div class=\"elementor-column elementor-col-100 elementor-top-column elementor-element elementor-element-463cbe8\" data-id=\"463cbe8\" data-element_type=\"column\" data-e-type=\"column\">\n\t\t\t<div class=\"elementor-widget-wrap elementor-element-populated\">\n\t\t\t\t\t\t<div class=\"elementor-element elementor-element-f35ddf7 elementor-wpcf7-button-primary elementor-wpcf7-button-md elementor-widget elementor-widget-opal-contactform7\" data-id=\"f35ddf7\" data-element_type=\"widget\" data-e-type=\"widget\" data-widget_type=\"opal-contactform7.default\">\n\t\t\t\t<div class=\"elementor-widget-container\">\n\t\t\t\t\t\n<div class=\"wpcf7 no-js\" id=\"wpcf7-f1052-o1\" lang=\"en-US\" dir=\"ltr\" data-wpcf7-id=\"1052\">\n<div class=\"screen-reader-response\"><p role=\"status\" aria-live=\"polite\" aria-atomic=\"true\"><\/p> <ul><\/ul><\/div>\n<form action=\"\/fr\/wp-json\/wp\/v2\/pages\/571#wpcf7-f1052-o1\" method=\"post\" class=\"wpcf7-form init\" aria-label=\"Contact form\" novalidate=\"novalidate\" data-status=\"init\" data-trp-original-action=\"\/fr\/wp-json\/wp\/v2\/pages\/571#wpcf7-f1052-o1\">\n<fieldset class=\"hidden-fields-container\"><input type=\"hidden\" name=\"_wpcf7\" value=\"1052\" \/><input type=\"hidden\" name=\"_wpcf7_version\" value=\"6.1\" \/><input type=\"hidden\" name=\"_wpcf7_locale\" value=\"en_US\" \/><input type=\"hidden\" name=\"_wpcf7_unit_tag\" value=\"wpcf7-f1052-o1\" \/><input type=\"hidden\" name=\"_wpcf7_container_post\" value=\"0\" \/><input type=\"hidden\" name=\"_wpcf7_posted_data_hash\" value=\"\" \/>\n<\/fieldset>\n<div class=\"row\">\n\t<div class=\"col-md-12\">\n\t\t<div class=\"mb-4\">\n\t\t\t<p><span class=\"wpcf7-form-control-wrap\" data-name=\"text-337\"><input size=\"40\" maxlength=\"400\" class=\"wpcf7-form-control wpcf7-text\" id=\"form-name\" aria-invalid=\"false\" placeholder=\"Votre Nom\" value=\"\" type=\"text\" name=\"text-337\" \/><\/span>\n\t\t\t<\/p>\n\t\t<\/div>\n\t\t<div class=\"mb-4\">\n\t\t\t<p><span class=\"wpcf7-form-control-wrap\" data-name=\"email-104\"><input size=\"40\" maxlength=\"400\" class=\"wpcf7-form-control wpcf7-email wpcf7-text wpcf7-validates-as-email\" id=\"form-email\" aria-invalid=\"false\" placeholder=\"E-mail\" value=\"\" type=\"email\" name=\"email-104\" \/><\/span>\n\t\t\t<\/p>\n\t\t<\/div>\n\t\t<div class=\"mb-4\">\n\t\t\t<p><span class=\"wpcf7-form-control-wrap\" data-name=\"tel-338\"><input size=\"40\" maxlength=\"400\" class=\"wpcf7-form-control wpcf7-text\" id=\"form-phone\" aria-invalid=\"false\" placeholder=\"Num\u00e9ro de t\u00e9l\u00e9phone\" value=\"\" type=\"text\" name=\"tel-338\" \/><\/span>\n\t\t\t<\/p>\n\t\t<\/div>\n\t\t<div class=\"mb-4\">\n\t\t\t<p><span class=\"wpcf7-form-control-wrap\" data-name=\"textarea-339\"><textarea cols=\"40\" rows=\"3\" maxlength=\"2000\" class=\"wpcf7-form-control wpcf7-textarea form-control\" id=\"textarea\" aria-invalid=\"false\" placeholder=\"Message\" name=\"textarea-339\"><\/textarea><\/span>\n\t\t\t<\/p>\n\t\t<\/div>\n\t<\/div>\n<\/div>\n<p><button class=\"btn btn-default btn-sm\" type=\"submit\" value=\"Submit\"><span>Renseignez-vous maintenant<\/span><i class=\"opal-icon-arrow-right\" aria-hidden=\"true\"><\/i><\/button>\n<\/p><div class=\"wpcf7-response-output\" aria-hidden=\"true\"><\/div>\n<input type=\"hidden\" name=\"trp-form-language\" value=\"fr\"\/><\/form>\n<\/div>\n\t\t\t\t<\/div>\n\t\t\t\t<\/div>\n\t\t\t\t\t<\/div>\n\t\t<\/div>\n\t\t\t\t\t<\/div>\n\t\t<\/section>\n\t\t\t\t<\/div>","protected":false},"excerpt":{"rendered":"<p>Inquire Now Complete the form below to inquire about available properties, schedule viewings, or gain more insights from our expert advisors. Your dream property is just a few clicks away! Inquire Now<\/p>","protected":false},"author":1,"featured_media":0,"parent":0,"menu_order":0,"comment_status":"closed","ping_status":"closed","template":"page-elementor.php","meta":{"om_disable_all_campaigns":false,"inline_featured_image":false,"footnotes":""},"class_list":["post-571","page","type-page","status-publish","hentry"],"yoast_head":"<!-- This site is optimized with the Yoast SEO plugin v27.4 - https:\/\/yoast.com\/product\/yoast-seo-wordpress\/ -->\n<title>Inquire - M &amp; A Constructions<\/title>\n<meta name=\"robots\" content=\"index, follow, max-snippet:-1, max-image-preview:large, max-video-preview:-1\" \/>\n<link rel=\"canonical\" href=\"https:\/\/constructions-ma.com\/fr\/inquire\/\" \/>\n<meta property=\"og:locale\" content=\"fr_CA\" \/>\n<meta property=\"og:type\" content=\"article\" \/>\n<meta property=\"og:title\" content=\"Inquire - M &amp; A Constructions\" \/>\n<meta property=\"og:description\" content=\"Inquire Now Complete the form below to inquire about available properties, schedule viewings, or gain more insights from our expert advisors. Your dream property is just a few clicks away! Inquire Now\" \/>\n<meta property=\"og:url\" content=\"https:\/\/constructions-ma.com\/fr\/inquire\/\" \/>\n<meta property=\"og:site_name\" content=\"M &amp; A Constructions\" \/>\n<meta property=\"article:modified_time\" content=\"2024-01-25T20:00:52+00:00\" \/>\n<meta name=\"twitter:card\" content=\"summary_large_image\" \/>\n<meta name=\"twitter:label1\" content=\"Estimation du temps de lecture\" \/>\n\t<meta name=\"twitter:data1\" content=\"1 minute\" \/>\n<script type=\"application\/ld+json\" class=\"yoast-schema-graph\">{\"@context\":\"https:\\\/\\\/schema.org\",\"@graph\":[{\"@type\":\"WebPage\",\"@id\":\"https:\\\/\\\/constructions-ma.com\\\/inquire\\\/\",\"url\":\"https:\\\/\\\/constructions-ma.com\\\/inquire\\\/\",\"name\":\"Inquire - M & A Constructions\",\"isPartOf\":{\"@id\":\"https:\\\/\\\/constructions-ma.com\\\/#website\"},\"datePublished\":\"2019-10-25T08:43:32+00:00\",\"dateModified\":\"2024-01-25T20:00:52+00:00\",\"breadcrumb\":{\"@id\":\"https:\\\/\\\/constructions-ma.com\\\/inquire\\\/#breadcrumb\"},\"inLanguage\":\"fr-CA\",\"potentialAction\":[{\"@type\":\"ReadAction\",\"target\":[\"https:\\\/\\\/constructions-ma.com\\\/inquire\\\/\"]}]},{\"@type\":\"BreadcrumbList\",\"@id\":\"https:\\\/\\\/constructions-ma.com\\\/inquire\\\/#breadcrumb\",\"itemListElement\":[{\"@type\":\"ListItem\",\"position\":1,\"name\":\"Home\",\"item\":\"https:\\\/\\\/constructions-ma.com\\\/\"},{\"@type\":\"ListItem\",\"position\":2,\"name\":\"Inquire\"}]},{\"@type\":\"WebSite\",\"@id\":\"https:\\\/\\\/constructions-ma.com\\\/#website\",\"url\":\"https:\\\/\\\/constructions-ma.com\\\/\",\"name\":\"M & A Constructions\",\"description\":\"Home Construction &amp; Renovation Company\",\"publisher\":{\"@id\":\"https:\\\/\\\/constructions-ma.com\\\/#organization\"},\"potentialAction\":[{\"@type\":\"SearchAction\",\"target\":{\"@type\":\"EntryPoint\",\"urlTemplate\":\"https:\\\/\\\/constructions-ma.com\\\/?s={search_term_string}\"},\"query-input\":{\"@type\":\"PropertyValueSpecification\",\"valueRequired\":true,\"valueName\":\"search_term_string\"}}],\"inLanguage\":\"fr-CA\"},{\"@type\":\"Organization\",\"@id\":\"https:\\\/\\\/constructions-ma.com\\\/#organization\",\"name\":\"M & A Constructions\",\"url\":\"https:\\\/\\\/constructions-ma.com\\\/\",\"logo\":{\"@type\":\"ImageObject\",\"inLanguage\":\"fr-CA\",\"@id\":\"https:\\\/\\\/constructions-ma.com\\\/#\\\/schema\\\/logo\\\/image\\\/\",\"url\":\"https:\\\/\\\/constructions-ma.com\\\/wp-content\\\/uploads\\\/2019\\\/10\\\/Mask-group.png\",\"contentUrl\":\"https:\\\/\\\/constructions-ma.com\\\/wp-content\\\/uploads\\\/2019\\\/10\\\/Mask-group.png\",\"width\":276,\"height\":53,\"caption\":\"M & A Constructions\"},\"image\":{\"@id\":\"https:\\\/\\\/constructions-ma.com\\\/#\\\/schema\\\/logo\\\/image\\\/\"}}]}<\/script>\n<!-- \/ Yoast SEO plugin. -->","yoast_head_json":{"title":"Inquire - M & A Constructions","robots":{"index":"index","follow":"follow","max-snippet":"max-snippet:-1","max-image-preview":"max-image-preview:large","max-video-preview":"max-video-preview:-1"},"canonical":"https:\/\/constructions-ma.com\/fr\/inquire\/","og_locale":"fr_CA","og_type":"article","og_title":"Inquire - M & A Constructions","og_description":"Inquire Now Complete the form below to inquire about available properties, schedule viewings, or gain more insights from our expert advisors. Your dream property is just a few clicks away! Inquire Now","og_url":"https:\/\/constructions-ma.com\/fr\/inquire\/","og_site_name":"M & A Constructions","article_modified_time":"2024-01-25T20:00:52+00:00","twitter_card":"summary_large_image","twitter_misc":{"Estimation du temps de lecture":"1 minute"},"schema":{"@context":"https:\/\/schema.org","@graph":[{"@type":"WebPage","@id":"https:\/\/constructions-ma.com\/inquire\/","url":"https:\/\/constructions-ma.com\/inquire\/","name":"Inquire - M & A Constructions","isPartOf":{"@id":"https:\/\/constructions-ma.com\/#website"},"datePublished":"2019-10-25T08:43:32+00:00","dateModified":"2024-01-25T20:00:52+00:00","breadcrumb":{"@id":"https:\/\/constructions-ma.com\/inquire\/#breadcrumb"},"inLanguage":"fr-CA","potentialAction":[{"@type":"ReadAction","target":["https:\/\/constructions-ma.com\/inquire\/"]}]},{"@type":"BreadcrumbList","@id":"https:\/\/constructions-ma.com\/inquire\/#breadcrumb","itemListElement":[{"@type":"ListItem","position":1,"name":"Home","item":"https:\/\/constructions-ma.com\/"},{"@type":"ListItem","position":2,"name":"Inquire"}]},{"@type":"WebSite","@id":"https:\/\/constructions-ma.com\/#website","url":"https:\/\/constructions-ma.com\/","name":"M & A Constructions","description":"Home Construction &amp; Renovation Company","publisher":{"@id":"https:\/\/constructions-ma.com\/#organization"},"potentialAction":[{"@type":"SearchAction","target":{"@type":"EntryPoint","urlTemplate":"https:\/\/constructions-ma.com\/?s={search_term_string}"},"query-input":{"@type":"PropertyValueSpecification","valueRequired":true,"valueName":"search_term_string"}}],"inLanguage":"fr-CA"},{"@type":"Organization","@id":"https:\/\/constructions-ma.com\/#organization","name":"M & A Constructions","url":"https:\/\/constructions-ma.com\/","logo":{"@type":"ImageObject","inLanguage":"fr-CA","@id":"https:\/\/constructions-ma.com\/#\/schema\/logo\/image\/","url":"https:\/\/constructions-ma.com\/wp-content\/uploads\/2019\/10\/Mask-group.png","contentUrl":"https:\/\/constructions-ma.com\/wp-content\/uploads\/2019\/10\/Mask-group.png","width":276,"height":53,"caption":"M & A Constructions"},"image":{"@id":"https:\/\/constructions-ma.com\/#\/schema\/logo\/image\/"}}]}},"_links":{"self":[{"href":"https:\/\/constructions-ma.com\/fr\/wp-json\/wp\/v2\/pages\/571","targetHints":{"allow":["GET"]}}],"collection":[{"href":"https:\/\/constructions-ma.com\/fr\/wp-json\/wp\/v2\/pages"}],"about":[{"href":"https:\/\/constructions-ma.com\/fr\/wp-json\/wp\/v2\/types\/page"}],"author":[{"embeddable":true,"href":"https:\/\/constructions-ma.com\/fr\/wp-json\/wp\/v2\/users\/1"}],"replies":[{"embeddable":true,"href":"https:\/\/constructions-ma.com\/fr\/wp-json\/wp\/v2\/comments?post=571"}],"version-history":[{"count":5,"href":"https:\/\/constructions-ma.com\/fr\/wp-json\/wp\/v2\/pages\/571\/revisions"}],"predecessor-version":[{"id":7209,"href":"https:\/\/constructions-ma.com\/fr\/wp-json\/wp\/v2\/pages\/571\/revisions\/7209"}],"wp:attachment":[{"href":"https:\/\/constructions-ma.com\/fr\/wp-json\/wp\/v2\/media?parent=571"}],"curies":[{"name":"wp","href":"https:\/\/api.w.org\/{rel}","templated":true}]}}